{"id":12412,"date":"2023-03-18T06:40:25","date_gmt":"2023-03-18T05:40:25","guid":{"rendered":"http:\/\/fruchttaubenprojekt.eu.w01dc5b6.kasserver.com\/?page_id=12412"},"modified":"2023-03-18T06:54:13","modified_gmt":"2023-03-18T05:54:13","slug":"registrieren","status":"publish","type":"page","link":"https:\/\/fruchttaubenprojekt.eu\/en\/registrieren\/","title":{"rendered":"Registrieren"},"content":{"rendered":"<div data-elementor-type=\"wp-page\" data-elementor-id=\"12412\" class=\"elementor elementor-12412\" data-elementor-post-type=\"page\">\n\t\t\t\t\t\t<section class=\"elementor-section elementor-top-section elementor-element elementor-element-614fc78 elementor-section-boxed elementor-section-height-default elementor-section-height-default\" data-id=\"614fc78\" data-element_type=\"section\" data-e-type=\"section\">\n\t\t\t\t\t\t<div class=\"elementor-container elementor-column-gap-default\">\n\t\t\t\t\t<div class=\"elementor-column elementor-col-100 elementor-top-column elementor-element elementor-element-681edcb\" data-id=\"681edcb\" data-element_type=\"column\" data-e-type=\"column\">\n\t\t\t<div class=\"elementor-widget-wrap elementor-element-populated\">\n\t\t\t\t\t\t<div class=\"elementor-element elementor-element-ff225b5 elementor-widget elementor-widget-wppb-register\" data-id=\"ff225b5\" data-element_type=\"widget\" data-e-type=\"widget\" data-widget_type=\"wppb-register.default\">\n\t\t\t\t<div class=\"elementor-widget-container\">\n\t\t\t\t\t<div class=\"wppb-register-form-widget\">        <form enctype=\"multipart\/form-data\" method=\"post\" id=\"wppb-register-user\" class=\"wppb-user-forms wppb-register-user wppb-user-logged-out\" action=\"https:\/\/fruchttaubenprojekt.eu\/en\/wp-json\/wp\/v2\/pages\/12412\" data-trp-original-action=\"https:\/\/fruchttaubenprojekt.eu\/en\/wp-json\/wp\/v2\/pages\/12412\">\n\t\t\t<ul><li class=\"wppb-form-field wppb-default-name-heading\" id=\"wppb-form-element-1\"><h4>Name<\/h4><span class=\"wppb-description-delimiter\"><\/span><\/li><li class=\"wppb-form-field wppb-default-username\" id=\"wppb-form-element-2\">\n\t\t\t<label for=\"username\">Benutzername<span class=\"wppb-required\" title=\"This field is required\">*<\/span><\/label>\n\t\t\t<input class=\"text-input default_field_username\" name=\"username\" maxlength=\"70\" type=\"text\" id=\"username\" value=\"\"  \/><span class=\"wppb-description-delimiter\">Benutzernamen k\u00f6nnen nicht ge\u00e4ndert werden.<\/span><\/li><li class=\"wppb-form-field wppb-default-first-name\" id=\"wppb-form-element-3\">\n\t\t\t<label for=\"first_name\">Vorname<\/label>\n\t\t\t<input class=\"text-input default_field_firstname\" name=\"first_name\" maxlength=\"70\" type=\"text\" id=\"first_name\" value=\"\"  \/><\/li><li class=\"wppb-form-field wppb-default-last-name\" id=\"wppb-form-element-4\">\n\t\t\t<label for=\"last_name\">Nachname<\/label>\n\t\t\t<input class=\"text-input default_field_lastname\" name=\"last_name\" maxlength=\"70\" type=\"text\" id=\"last_name\" value=\"\" \/><\/li><li class=\"wppb-form-field wppb-default-nickname\" id=\"wppb-form-element-5\">\n\t\t\t<label for=\"nickname\">Spitzname<span class=\"wppb-required\" title=\"This field is required\">*<\/span><\/label>\n\t\t\t<input class=\"text-input default_field_nickname\" name=\"nickname\" maxlength=\"70\" type=\"text\" id=\"nickname\" value=\"\" \/><\/li><li class=\"wppb-form-field wppb-default-display-name-publicly-as\" id=\"wppb-form-element-6\"><\/li><li class=\"wppb-form-field wppb-default-contact-info-heading\" id=\"wppb-form-element-7\"><h4>Kontaktinformationen<\/h4><span class=\"wppb-description-delimiter\"><\/span><\/li><li class=\"wppb-form-field wppb-default-e-mail\" id=\"wppb-form-element-8\">\n\t\t\t<label for=\"email\">E-Mail<span class=\"wppb-required\" title=\"This field is required\">*<\/span><\/label>\n\t\t\t<input class=\"text-input default_field_email\" name=\"email\" maxlength=\"70\" type=\"email\" id=\"email\" value=\"\"   \/><\/li><li class=\"wppb-form-field wppb-default-website\" id=\"wppb-form-element-9\">\n\t\t\t<label for=\"website\">Website<\/label>\n\t\t\t<input class=\"text-input default_field_website\" name=\"website\" maxlength=\"70\" type=\"text\" id=\"website\" value=\"\" \/><\/li><li class=\"wppb-form-field wppb-default-about-yourself-heading\" id=\"wppb-form-element-13\"><h4>\u00dcber sich selbst<\/h4><span class=\"wppb-description-delimiter\"><\/span><\/li><li class=\"wppb-form-field wppb-default-biographical-info\" id=\"wppb-form-element-14\">\n\t\t\t<label for=\"description\">Biografische Informationen<\/label>\n\t\t\t<textarea rows=\"5\" name=\"description\" maxlength=\"\" class=\"default_field_description\" id=\"description\" wrap=\"virtual\" ><\/textarea><span class=\"wppb-description-delimiter\">F\u00fclle ein paar biographische Informationen in deinem Profil aus. Diese k\u00f6nnen auch \u00f6ffentlich angezeigt werden.<\/span><\/li><li class=\"wppb-form-field wppb-default-password\" id=\"wppb-form-element-15\">\n\t\t\t<label for=\"passw1\">Passwort<span class=\"wppb-required\" title=\"This field is required\">*<\/span><\/label>\n            <span class=\"wppb-password-field-container\">\n\t\t\t    <input class=\"text-input\" name=\"passw1\" maxlength=\"70\" type=\"password\" id=\"passw1\" value=\"\" autocomplete=\"off\" \/>\n\t\t\t     <!-- add the HTML for the visibility toggle -->\n\t\t\t<\/span><span class=\"wppb-description-delimiter\">Bitte gib dein Passwort ein. Minimum length of 8 characters. <\/span><\/li><li class=\"wppb-form-field wppb-default-repeat-password\" id=\"wppb-form-element-16\">\n\t\t\t<label for=\"passw2\">Passwort wiederholen<span class=\"wppb-required\" title=\"This field is required\">*<\/span><\/label>\n\t\t\t<span class=\"wppb-password-field-container\">\n\t\t\t    <input class=\"text-input\" name=\"passw2\" maxlength=\"70\" type=\"password\" id=\"passw2\" value=\"\" autocomplete=\"off\" \/>\n\t\t\t     <!-- add the HTML for the visibility toggle -->\n\t\t\t<\/span><span class=\"wppb-description-delimiter\">Bitte gib dein Kennwort erneut ein.<\/span><\/li><\/ul><ul><\/ul><\/ul>\t\t\t<p class=\"form-submit\"  >\n\t\t\t\t                \t\t\t\t<input name=\"register\" type=\"submit\" id=\"register\" class=\"submit button\" value=\"Register\" \/>\n                <input name=\"redirect_to\" type=\"hidden\" value=\"https:\/\/fruchttaubenprojekt.eu\/en\/registrierung-erfolgreich\/\" \/>\n                \t\t\t\t<input name=\"action\" type=\"hidden\" id=\"action\" value=\"register\" \/>\n\t\t\t\t<input name=\"form_name\" type=\"hidden\" id=\"form_name\" value=\"unspecified\" \/>\n\t\t\t\t<input name=\"form_id\" type=\"hidden\" id=\"form_id\" value=\"\" \/>\n\t\t\t\t\t\t\t<\/p><!-- .form-submit -->\n\t\t\t<input type=\"hidden\" id=\"register_unspecified_nonce_field\" name=\"register_unspecified_nonce_field\" value=\"8c14318eaf\" \/><input type=\"hidden\" name=\"_wp_http_referer\" value=\"\/en\/wp-json\/wp\/v2\/pages\/12412\" \/>\t\t<input type=\"hidden\" name=\"trp-form-language\" value=\"en\"\/><\/form>\n\t\t<\/div>\t\t\t\t<\/div>\n\t\t\t\t<\/div>\n\t\t\t\t\t<\/div>\n\t\t<\/div>\n\t\t\t\t\t<\/div>\n\t\t<\/section>\n\t\t\t\t<\/div>","protected":false},"excerpt":{"rendered":"<p>Name Username* First Name Last Name Nickname Contact Info E-mail* Website About Yourself Biographical Info Password* Repeat Password* Senden Sie diese Anmeldeinformationen per E-Mail.<\/p>","protected":false},"author":1,"featured_media":0,"parent":0,"menu_order":0,"comment_status":"closed","ping_status":"closed","template":"","meta":{"footnotes":""},"class_list":["post-12412","page","type-page","status-publish","hentry"],"yoast_head":"<!-- This site is optimized with the Yoast SEO plugin v27.4 - https:\/\/yoast.com\/product\/yoast-seo-wordpress\/ -->\n<title>Registrieren - fruchttaubenprojekt.eu<\/title>\n<meta name=\"robots\" content=\"index, follow, max-snippet:-1, max-image-preview:large, max-video-preview:-1\" \/>\n<link rel=\"canonical\" href=\"https:\/\/fruchttaubenprojekt.eu\/en\/registrieren\/\" \/>\n<meta property=\"og:locale\" content=\"en_GB\" \/>\n<meta property=\"og:type\" content=\"article\" \/>\n<meta property=\"og:title\" content=\"Registrieren - fruchttaubenprojekt.eu\" \/>\n<meta property=\"og:description\" content=\"Name Username* First Name Last Name Nickname Contact Info E-mail* Website About Yourself Biographical Info Password* Repeat Password* Senden Sie diese Anmeldeinformationen per E-Mail.\" \/>\n<meta property=\"og:url\" content=\"https:\/\/fruchttaubenprojekt.eu\/en\/registrieren\/\" \/>\n<meta property=\"og:site_name\" content=\"fruchttaubenprojekt.eu\" \/>\n<meta property=\"article:modified_time\" content=\"2023-03-18T05:54:13+00:00\" \/>\n<meta property=\"og:image\" content=\"https:\/\/fruchttaubenprojekt.eu\/wp-content\/uploads\/2023\/02\/FruchttaubenEU_Logo.png\" \/>\n\t<meta property=\"og:image:width\" content=\"450\" \/>\n\t<meta property=\"og:image:height\" content=\"324\" \/>\n\t<meta property=\"og:image:type\" content=\"image\/png\" \/>\n<meta name=\"twitter:card\" content=\"summary_large_image\" \/>\n<script type=\"application\/ld+json\" class=\"yoast-schema-graph\">{\"@context\":\"https:\\\/\\\/schema.org\",\"@graph\":[{\"@type\":\"WebPage\",\"@id\":\"https:\\\/\\\/fruchttaubenprojekt.eu\\\/registrieren\\\/\",\"url\":\"https:\\\/\\\/fruchttaubenprojekt.eu\\\/registrieren\\\/\",\"name\":\"Registrieren - fruchttaubenprojekt.eu\",\"isPartOf\":{\"@id\":\"https:\\\/\\\/fruchttaubenprojekt.eu\\\/#website\"},\"datePublished\":\"2023-03-18T05:40:25+00:00\",\"dateModified\":\"2023-03-18T05:54:13+00:00\",\"breadcrumb\":{\"@id\":\"https:\\\/\\\/fruchttaubenprojekt.eu\\\/registrieren\\\/#breadcrumb\"},\"inLanguage\":\"en-GB\",\"potentialAction\":[{\"@type\":\"ReadAction\",\"target\":[\"https:\\\/\\\/fruchttaubenprojekt.eu\\\/registrieren\\\/\"]}]},{\"@type\":\"BreadcrumbList\",\"@id\":\"https:\\\/\\\/fruchttaubenprojekt.eu\\\/registrieren\\\/#breadcrumb\",\"itemListElement\":[{\"@type\":\"ListItem\",\"position\":1,\"name\":\"Home\",\"item\":\"https:\\\/\\\/fruchttaubenprojekt.eu\\\/en\\\/\"},{\"@type\":\"ListItem\",\"position\":2,\"name\":\"Registrieren\"}]},{\"@type\":\"WebSite\",\"@id\":\"https:\\\/\\\/fruchttaubenprojekt.eu\\\/#website\",\"url\":\"https:\\\/\\\/fruchttaubenprojekt.eu\\\/\",\"name\":\"fruchttaubenprojekt.eu\",\"description\":\"Seit 2007\",\"publisher\":{\"@id\":\"https:\\\/\\\/fruchttaubenprojekt.eu\\\/#organization\"},\"alternateName\":\"Europ\u00e4ische Fruchttaubenprojekt\",\"potentialAction\":[{\"@type\":\"SearchAction\",\"target\":{\"@type\":\"EntryPoint\",\"urlTemplate\":\"https:\\\/\\\/fruchttaubenprojekt.eu\\\/?s={search_term_string}\"},\"query-input\":{\"@type\":\"PropertyValueSpecification\",\"valueRequired\":true,\"valueName\":\"search_term_string\"}}],\"inLanguage\":\"en-GB\"},{\"@type\":\"Organization\",\"@id\":\"https:\\\/\\\/fruchttaubenprojekt.eu\\\/#organization\",\"name\":\"fruchttaubenprojekt.eu\",\"alternateName\":\"Europ\u00e4ische Fruchttaubenprojekt\",\"url\":\"https:\\\/\\\/fruchttaubenprojekt.eu\\\/\",\"logo\":{\"@type\":\"ImageObject\",\"inLanguage\":\"en-GB\",\"@id\":\"https:\\\/\\\/fruchttaubenprojekt.eu\\\/#\\\/schema\\\/logo\\\/image\\\/\",\"url\":\"https:\\\/\\\/fruchttaubenprojekt.eu\\\/wp-content\\\/uploads\\\/2023\\\/02\\\/FruchttaubenEU_Logo.png\",\"contentUrl\":\"https:\\\/\\\/fruchttaubenprojekt.eu\\\/wp-content\\\/uploads\\\/2023\\\/02\\\/FruchttaubenEU_Logo.png\",\"width\":450,\"height\":324,\"caption\":\"fruchttaubenprojekt.eu\"},\"image\":{\"@id\":\"https:\\\/\\\/fruchttaubenprojekt.eu\\\/#\\\/schema\\\/logo\\\/image\\\/\"}}]}<\/script>\n<!-- \/ Yoast SEO plugin. -->","yoast_head_json":{"title":"Registrieren - fruchttaubenprojekt.eu","robots":{"index":"index","follow":"follow","max-snippet":"max-snippet:-1","max-image-preview":"max-image-preview:large","max-video-preview":"max-video-preview:-1"},"canonical":"https:\/\/fruchttaubenprojekt.eu\/en\/registrieren\/","og_locale":"en_GB","og_type":"article","og_title":"Registrieren - fruchttaubenprojekt.eu","og_description":"Name Username* First Name Last Name Nickname Contact Info E-mail* Website About Yourself Biographical Info Password* Repeat Password* Senden Sie diese Anmeldeinformationen per E-Mail.","og_url":"https:\/\/fruchttaubenprojekt.eu\/en\/registrieren\/","og_site_name":"fruchttaubenprojekt.eu","article_modified_time":"2023-03-18T05:54:13+00:00","og_image":[{"width":450,"height":324,"url":"https:\/\/fruchttaubenprojekt.eu\/wp-content\/uploads\/2023\/02\/FruchttaubenEU_Logo.png","type":"image\/png"}],"twitter_card":"summary_large_image","schema":{"@context":"https:\/\/schema.org","@graph":[{"@type":"WebPage","@id":"https:\/\/fruchttaubenprojekt.eu\/registrieren\/","url":"https:\/\/fruchttaubenprojekt.eu\/registrieren\/","name":"Registrieren - fruchttaubenprojekt.eu","isPartOf":{"@id":"https:\/\/fruchttaubenprojekt.eu\/#website"},"datePublished":"2023-03-18T05:40:25+00:00","dateModified":"2023-03-18T05:54:13+00:00","breadcrumb":{"@id":"https:\/\/fruchttaubenprojekt.eu\/registrieren\/#breadcrumb"},"inLanguage":"en-GB","potentialAction":[{"@type":"ReadAction","target":["https:\/\/fruchttaubenprojekt.eu\/registrieren\/"]}]},{"@type":"BreadcrumbList","@id":"https:\/\/fruchttaubenprojekt.eu\/registrieren\/#breadcrumb","itemListElement":[{"@type":"ListItem","position":1,"name":"Home","item":"https:\/\/fruchttaubenprojekt.eu\/en\/"},{"@type":"ListItem","position":2,"name":"Registrieren"}]},{"@type":"WebSite","@id":"https:\/\/fruchttaubenprojekt.eu\/#website","url":"https:\/\/fruchttaubenprojekt.eu\/","name":"fruchttaubenprojekt.eu","description":"Seit 2007","publisher":{"@id":"https:\/\/fruchttaubenprojekt.eu\/#organization"},"alternateName":"Europ\u00e4ische Fruchttaubenprojekt","potentialAction":[{"@type":"SearchAction","target":{"@type":"EntryPoint","urlTemplate":"https:\/\/fruchttaubenprojekt.eu\/?s={search_term_string}"},"query-input":{"@type":"PropertyValueSpecification","valueRequired":true,"valueName":"search_term_string"}}],"inLanguage":"en-GB"},{"@type":"Organization","@id":"https:\/\/fruchttaubenprojekt.eu\/#organization","name":"fruchttaubenprojekt.eu","alternateName":"Europ\u00e4ische Fruchttaubenprojekt","url":"https:\/\/fruchttaubenprojekt.eu\/","logo":{"@type":"ImageObject","inLanguage":"en-GB","@id":"https:\/\/fruchttaubenprojekt.eu\/#\/schema\/logo\/image\/","url":"https:\/\/fruchttaubenprojekt.eu\/wp-content\/uploads\/2023\/02\/FruchttaubenEU_Logo.png","contentUrl":"https:\/\/fruchttaubenprojekt.eu\/wp-content\/uploads\/2023\/02\/FruchttaubenEU_Logo.png","width":450,"height":324,"caption":"fruchttaubenprojekt.eu"},"image":{"@id":"https:\/\/fruchttaubenprojekt.eu\/#\/schema\/logo\/image\/"}}]}},"_links":{"self":[{"href":"https:\/\/fruchttaubenprojekt.eu\/en\/wp-json\/wp\/v2\/pages\/12412","targetHints":{"allow":["GET"]}}],"collection":[{"href":"https:\/\/fruchttaubenprojekt.eu\/en\/wp-json\/wp\/v2\/pages"}],"about":[{"href":"https:\/\/fruchttaubenprojekt.eu\/en\/wp-json\/wp\/v2\/types\/page"}],"author":[{"embeddable":true,"href":"https:\/\/fruchttaubenprojekt.eu\/en\/wp-json\/wp\/v2\/users\/1"}],"replies":[{"embeddable":true,"href":"https:\/\/fruchttaubenprojekt.eu\/en\/wp-json\/wp\/v2\/comments?post=12412"}],"version-history":[{"count":0,"href":"https:\/\/fruchttaubenprojekt.eu\/en\/wp-json\/wp\/v2\/pages\/12412\/revisions"}],"wp:attachment":[{"href":"https:\/\/fruchttaubenprojekt.eu\/en\/wp-json\/wp\/v2\/media?parent=12412"}],"curies":[{"name":"wp","href":"https:\/\/api.w.org\/{rel}","templated":true}]}}